{"id":197,"date":"2024-05-10T16:38:28","date_gmt":"2024-05-10T20:38:28","guid":{"rendered":"https:\/\/laurentian.swlauriersb.qc.ca\/governance\/"},"modified":"2024-11-04T14:06:50","modified_gmt":"2024-11-04T19:06:50","slug":"gouvernance","status":"publish","type":"page","link":"https:\/\/laurentian.swlauriersb.qc.ca\/fr\/gouvernance\/","title":{"rendered":"Conseil d&#8217;\u00e9tablissement"},"content":{"rendered":"\n<h2 class=\"wp-block-heading has-teal-700-color has-text-color has-link-color wp-elements-a7de043a57870a132153d1c31ede02da\">2024-2025<\/h2>\n\n\n\n<h2 class=\"wp-block-heading has-teal-700-color has-text-color has-link-color wp-elements-5e913252e87aa0c361898e45512be0b0\">2023-2024<\/h2>\n\n\n\n<div class=\"wp-block-buttons is-layout-flex wp-block-buttons-is-layout-flex\">\n<div class=\"wp-block-button is-style-text-link-arrow\"><a class=\"wp-block-button__link wp-element-button\" href=\"https:\/\/laurentian.swlauriersb.qc.ca\/wp-content\/uploads\/sites\/11\/2024\/11\/Setp-26-minutesFR-1.pdf\">Proc\u00e8s verbal du conseil d&#8217;\u00e9tablissement &#8211;  26 septembre 2023<i class=\"icon-arrow-left\"><\/i><\/a><\/div>\n<\/div>\n\n\n\n<div class=\"wp-block-buttons is-layout-flex wp-block-buttons-is-layout-flex\">\n<div class=\"wp-block-button is-style-text-link-arrow\"><a class=\"wp-block-button__link wp-element-button\" href=\"https:\/\/laurentian.swlauriersb.qc.ca\/wp-content\/uploads\/sites\/11\/2024\/11\/Oct-24-minutesFR.pdf\">Proc\u00e8s verbal du conseil d&#8217;\u00e9tablissement &#8211; 24 octobre 2023<i class=\"icon-arrow-left\"><\/i><\/a><\/div>\n<\/div>\n\n\n\n<div class=\"wp-block-buttons is-layout-flex wp-block-buttons-is-layout-flex\">\n<div class=\"wp-block-button is-style-text-link-arrow\"><a class=\"wp-block-button__link wp-element-button\" href=\"https:\/\/laurentian.swlauriersb.qc.ca\/wp-content\/uploads\/sites\/11\/2024\/11\/Nov27-minutes-FR.pdf\">Proc\u00e8s verbal du conseil d&#8217;\u00e9tablissement &#8211; 27 novembre 2023<i class=\"icon-arrow-left\"><\/i><\/a><\/div>\n<\/div>\n\n\n\n<div class=\"wp-block-buttons is-layout-flex wp-block-buttons-is-layout-flex\">\n<div class=\"wp-block-button is-style-text-link-arrow\"><a class=\"wp-block-button__link wp-element-button\" href=\"https:\/\/laurentian.swlauriersb.qc.ca\/wp-content\/uploads\/sites\/11\/2024\/11\/Jan-23-minutesFR.pdf\">Proc\u00e8s verbal du conseil d&#8217;\u00e9tablissement &#8211; 23 janvier 2024<i class=\"icon-arrow-left\"><\/i><\/a><\/div>\n<\/div>\n\n\n\n<div class=\"wp-block-buttons is-layout-flex wp-block-buttons-is-layout-flex\">\n<div class=\"wp-block-button is-style-text-link-arrow\"><a class=\"wp-block-button__link wp-element-button\" href=\"https:\/\/laurentian.swlauriersb.qc.ca\/wp-content\/uploads\/sites\/11\/2024\/11\/FEV20-minutesFR.pdf\">Proc\u00e8s verbal du conseil d&#8217;\u00e9tablissement &#8211; 20 f\u00e9vrier 2024<i class=\"icon-arrow-left\"><\/i><\/a><\/div>\n<\/div>\n\n\n\n<div class=\"wp-block-buttons is-layout-flex wp-block-buttons-is-layout-flex\">\n<div class=\"wp-block-button is-style-text-link-arrow\"><a class=\"wp-block-button__link wp-element-button\" href=\"https:\/\/laurentian.swlauriersb.qc.ca\/wp-content\/uploads\/sites\/11\/2024\/11\/Mars26-minutesFR.pdf\">Proc\u00e8s verbal du conseil d&#8217;\u00e9tablissement &#8211; 26 mars 2024<i class=\"icon-arrow-left\"><\/i><\/a><\/div>\n<\/div>\n\n\n\n<div class=\"wp-block-buttons is-layout-flex wp-block-buttons-is-layout-flex\">\n<div class=\"wp-block-button is-style-text-link-arrow\"><a class=\"wp-block-button__link wp-element-button\" href=\"https:\/\/laurentian.swlauriersb.qc.ca\/wp-content\/uploads\/sites\/11\/2024\/11\/Avril23-minutesFR.pdf\">Proc\u00e8s verbal du conseil d&#8217;\u00e9tablissement &#8211; 23 avril 2024<i class=\"icon-arrow-left\"><\/i><\/a><\/div>\n<\/div>\n\n\n\n<div class=\"wp-block-buttons is-layout-flex wp-block-buttons-is-layout-flex\">\n<div class=\"wp-block-button is-style-text-link-arrow\"><a class=\"wp-block-button__link wp-element-button\" href=\"https:\/\/laurentian.swlauriersb.qc.ca\/wp-content\/uploads\/sites\/11\/2024\/11\/Mai28-minutesFR.pdf\">Proc\u00e8s verbal du conseil d&#8217;\u00e9tablissement &#8211; 28 mai 2024<i class=\"icon-arrow-left\"><\/i><\/a><\/div>\n<\/div>\n\n\n\n<div class=\"wp-block-buttons is-layout-flex wp-block-buttons-is-layout-flex\">\n<div class=\"wp-block-button is-style-text-link-arrow\"><a class=\"wp-block-button__link wp-element-button\" href=\"https:\/\/laurentian.swlauriersb.qc.ca\/wp-content\/uploads\/sites\/11\/2024\/11\/JUIN11-minutesFR.pdf\">Proc\u00e8s verbal du conseil d&#8217;\u00e9tablissement &#8211; 11 juin 2024<i class=\"icon-arrow-left\"><\/i><\/a><\/div>\n<\/div>\n","protected":false},"excerpt":{"rendered":"<p>2024-2025 2023-2024<\/p>\n","protected":false},"author":1,"featured_media":0,"parent":0,"menu_order":0,"comment_status":"closed","ping_status":"closed","template":"","meta":{"_acf_changed":false,"_relevanssi_hide_post":"","_relevanssi_hide_content":"","_relevanssi_pin_for_all":"","_relevanssi_pin_keywords":"","_relevanssi_unpin_keywords":"","_relevanssi_related_keywords":"","_relevanssi_related_include_ids":"","_relevanssi_related_exclude_ids":"","_relevanssi_related_no_append":"","_relevanssi_related_not_related":"","_relevanssi_related_posts":"","_relevanssi_noindex_reason":"","footnotes":""},"acf":[],"_links":{"self":[{"href":"https:\/\/laurentian.swlauriersb.qc.ca\/fr\/wp-json\/wp\/v2\/pages\/197"}],"collection":[{"href":"https:\/\/laurentian.swlauriersb.qc.ca\/fr\/wp-json\/wp\/v2\/pages"}],"about":[{"href":"https:\/\/laurentian.swlauriersb.qc.ca\/fr\/wp-json\/wp\/v2\/types\/page"}],"author":[{"embeddable":true,"href":"https:\/\/laurentian.swlauriersb.qc.ca\/fr\/wp-json\/wp\/v2\/users\/1"}],"replies":[{"embeddable":true,"href":"https:\/\/laurentian.swlauriersb.qc.ca\/fr\/wp-json\/wp\/v2\/comments?post=197"}],"version-history":[{"count":5,"href":"https:\/\/laurentian.swlauriersb.qc.ca\/fr\/wp-json\/wp\/v2\/pages\/197\/revisions"}],"predecessor-version":[{"id":660,"href":"https:\/\/laurentian.swlauriersb.qc.ca\/fr\/wp-json\/wp\/v2\/pages\/197\/revisions\/660"}],"wp:attachment":[{"href":"https:\/\/laurentian.swlauriersb.qc.ca\/fr\/wp-json\/wp\/v2\/media?parent=197"}],"curies":[{"name":"wp","href":"https:\/\/api.w.org\/{rel}","templated":true}]}}