{"id":208,"date":"2024-05-08T14:33:11","date_gmt":"2024-05-08T18:33:11","guid":{"rendered":"https:\/\/laurentian.swlauriersb.qc.ca\/cafeteria\/"},"modified":"2024-11-25T12:45:21","modified_gmt":"2024-11-25T17:45:21","slug":"cafeteria","status":"publish","type":"page","link":"https:\/\/laurentian.swlauriersb.qc.ca\/fr\/services\/cafeteria\/","title":{"rendered":"Cafeteria"},"content":{"rendered":"\n<p>Mme Holly exploite une caf\u00e9t\u00e9ria \u00e0 temps plein, avec un repas chaud quotidien, ainsi que des soupes, des sandwichs, des bagels, des desserts, des jus et des collations.&nbsp; Le menu et l\u2019horaire seront disponibles dans l\u2019agenda de votre enfant.&nbsp; Tous les repas chauds doivent \u00eatre command\u00e9s \u00e0 l\u2019avance.&nbsp; Veuillez consulter le formulaire de commande de la caf\u00e9t\u00e9ria.&nbsp; La caf\u00e9t\u00e9ria ouvre le 5&nbsp;septembre.<\/p>\n\n\n\n<h2 class=\"wp-block-heading\">Menu et tarifs<\/h2>\n\n\n\n<div class=\"wp-block-buttons is-layout-flex wp-block-buttons-is-layout-flex\">\n<div class=\"wp-block-button has-custom-width wp-block-button__width-100\"><a class=\"wp-block-button__link has-background wp-element-button\" href=\"https:\/\/laurentian.swlauriersb.qc.ca\/wp-content\/uploads\/sites\/11\/2024\/05\/LES_Cafeteria-_CAFETERIA_MENU_2023-2024-.pdf\" style=\"background-color:#2e4684\">Menu et tarifs &#8211; 2024-2025<i class=\"icon-arrow-left\"><\/i><\/a><\/div>\n<\/div>\n\n\n\n<h2 class=\"wp-block-heading\">Bons de commande<\/h2>\n\n\n\n<div class=\"wp-block-buttons is-layout-flex wp-block-buttons-is-layout-flex\">\n<div class=\"wp-block-button has-custom-width wp-block-button__width-100 has-custom-font-size has-medium-font-size\"><a class=\"wp-block-button__link wp-element-button\" href=\"https:\/\/laurentian.swlauriersb.qc.ca\/wp-content\/uploads\/sites\/11\/2024\/11\/DECEMBER-Cafeteria-Order-Form.pdf\">Bon de commande &#8211; D\u00e9cembre 2024<i class=\"icon-arrow-left\"><\/i><\/a><\/div>\n<\/div>\n","protected":false},"excerpt":{"rendered":"<p>Mme Holly exploite une caf\u00e9t\u00e9ria \u00e0 temps plein, avec un repas chaud quotidien, ainsi que des soupes, des sandwichs, des bagels, des desserts, des jus et des collations.&nbsp; Le menu et l\u2019horaire seront disponibles dans l\u2019agenda de votre enfant.&nbsp; Tous les repas chauds doivent \u00eatre command\u00e9s \u00e0 l\u2019avance.&nbsp; Veuillez consulter le formulaire de commande de&hellip;<\/p>\n","protected":false},"author":1,"featured_media":0,"parent":213,"menu_order":0,"comment_status":"closed","ping_status":"closed","template":"","meta":{"_acf_changed":false,"_relevanssi_hide_post":"","_relevanssi_hide_content":"","_relevanssi_pin_for_all":"","_relevanssi_pin_keywords":"","_relevanssi_unpin_keywords":"","_relevanssi_related_keywords":"","_relevanssi_related_include_ids":"","_relevanssi_related_exclude_ids":"","_relevanssi_related_no_append":"","_relevanssi_related_not_related":"","_relevanssi_related_posts":"","_relevanssi_noindex_reason":"","footnotes":""},"acf":[],"_links":{"self":[{"href":"https:\/\/laurentian.swlauriersb.qc.ca\/fr\/wp-json\/wp\/v2\/pages\/208"}],"collection":[{"href":"https:\/\/laurentian.swlauriersb.qc.ca\/fr\/wp-json\/wp\/v2\/pages"}],"about":[{"href":"https:\/\/laurentian.swlauriersb.qc.ca\/fr\/wp-json\/wp\/v2\/types\/page"}],"author":[{"embeddable":true,"href":"https:\/\/laurentian.swlauriersb.qc.ca\/fr\/wp-json\/wp\/v2\/users\/1"}],"replies":[{"embeddable":true,"href":"https:\/\/laurentian.swlauriersb.qc.ca\/fr\/wp-json\/wp\/v2\/comments?post=208"}],"version-history":[{"count":3,"href":"https:\/\/laurentian.swlauriersb.qc.ca\/fr\/wp-json\/wp\/v2\/pages\/208\/revisions"}],"predecessor-version":[{"id":673,"href":"https:\/\/laurentian.swlauriersb.qc.ca\/fr\/wp-json\/wp\/v2\/pages\/208\/revisions\/673"}],"up":[{"embeddable":true,"href":"https:\/\/laurentian.swlauriersb.qc.ca\/fr\/wp-json\/wp\/v2\/pages\/213"}],"wp:attachment":[{"href":"https:\/\/laurentian.swlauriersb.qc.ca\/fr\/wp-json\/wp\/v2\/media?parent=208"}],"curies":[{"name":"wp","href":"https:\/\/api.w.org\/{rel}","templated":true}]}}