{"id":215,"date":"2024-05-08T14:29:05","date_gmt":"2024-05-08T18:29:05","guid":{"rendered":"https:\/\/laurentian.swlauriersb.qc.ca\/school-fees\/"},"modified":"2024-05-30T09:17:39","modified_gmt":"2024-05-30T13:17:39","slug":"frais-scolaires","status":"publish","type":"page","link":"https:\/\/laurentian.swlauriersb.qc.ca\/fr\/informations-pour-les-parents\/frais-scolaires\/","title":{"rendered":"Frais scolaires"},"content":{"rendered":"\n<p>Maternelle 4 ans : 232,80&nbsp;$<\/p>\n\n\n\n<p>Maternelle : $232.80<\/p>\n\n\n\n<p>1re ann\u00e9e&nbsp;: 249,14&nbsp;$<\/p>\n\n\n\n<p>2e ann\u00e9e&nbsp;: 268,49&nbsp;$<\/p>\n\n\n\n<p>3e ann\u00e9e&nbsp;: 283,34&nbsp;$<\/p>\n\n\n\n<p>4e ann\u00e9e&nbsp;: 283,34&nbsp;$<\/p>\n\n\n\n<p>5e ann\u00e9e&nbsp;: 284,65&nbsp;$<\/p>\n\n\n\n<p>6e ann\u00e9e&nbsp;: 284,65&nbsp;$<\/p>\n\n\n\n<p>Les frais scolaires peuvent \u00eatre pay\u00e9s en esp\u00e8ces (montant exact), par ch\u00e8que (fait \u00e0 la CSSWL) ou en ligne en utilisant le num\u00e9ro de r\u00e9f\u00e9rence du parent comme num\u00e9ro de compte.<\/p>\n","protected":false},"excerpt":{"rendered":"<p>Maternelle 4 ans : 232,80&nbsp;$ Maternelle : $232.80 1re ann\u00e9e&nbsp;: 249,14&nbsp;$ 2e ann\u00e9e&nbsp;: 268,49&nbsp;$ 3e ann\u00e9e&nbsp;: 283,34&nbsp;$ 4e ann\u00e9e&nbsp;: 283,34&nbsp;$ 5e ann\u00e9e&nbsp;: 284,65&nbsp;$ 6e ann\u00e9e&nbsp;: 284,65&nbsp;$ Les frais scolaires peuvent \u00eatre pay\u00e9s en esp\u00e8ces (montant exact), par ch\u00e8que (fait \u00e0 la CSSWL) ou en ligne en utilisant le num\u00e9ro de r\u00e9f\u00e9rence du parent comme num\u00e9ro&hellip;<\/p>\n","protected":false},"author":1,"featured_media":0,"parent":222,"menu_order":0,"comment_status":"closed","ping_status":"closed","template":"","meta":{"_acf_changed":false,"_relevanssi_hide_post":"","_relevanssi_hide_content":"","_relevanssi_pin_for_all":"","_relevanssi_pin_keywords":"","_relevanssi_unpin_keywords":"","_relevanssi_related_keywords":"","_relevanssi_related_include_ids":"","_relevanssi_related_exclude_ids":"","_relevanssi_related_no_append":"","_relevanssi_related_not_related":"","_relevanssi_related_posts":"","_relevanssi_noindex_reason":"","footnotes":""},"acf":[],"_links":{"self":[{"href":"https:\/\/laurentian.swlauriersb.qc.ca\/fr\/wp-json\/wp\/v2\/pages\/215"}],"collection":[{"href":"https:\/\/laurentian.swlauriersb.qc.ca\/fr\/wp-json\/wp\/v2\/pages"}],"about":[{"href":"https:\/\/laurentian.swlauriersb.qc.ca\/fr\/wp-json\/wp\/v2\/types\/page"}],"author":[{"embeddable":true,"href":"https:\/\/laurentian.swlauriersb.qc.ca\/fr\/wp-json\/wp\/v2\/users\/1"}],"replies":[{"embeddable":true,"href":"https:\/\/laurentian.swlauriersb.qc.ca\/fr\/wp-json\/wp\/v2\/comments?post=215"}],"version-history":[{"count":2,"href":"https:\/\/laurentian.swlauriersb.qc.ca\/fr\/wp-json\/wp\/v2\/pages\/215\/revisions"}],"predecessor-version":[{"id":471,"href":"https:\/\/laurentian.swlauriersb.qc.ca\/fr\/wp-json\/wp\/v2\/pages\/215\/revisions\/471"}],"up":[{"embeddable":true,"href":"https:\/\/laurentian.swlauriersb.qc.ca\/fr\/wp-json\/wp\/v2\/pages\/222"}],"wp:attachment":[{"href":"https:\/\/laurentian.swlauriersb.qc.ca\/fr\/wp-json\/wp\/v2\/media?parent=215"}],"curies":[{"name":"wp","href":"https:\/\/api.w.org\/{rel}","templated":true}]}}