{"id":219,"date":"2024-05-08T14:27:26","date_gmt":"2024-05-08T18:27:26","guid":{"rendered":"https:\/\/laurentian.swlauriersb.qc.ca\/ppo-home-school\/"},"modified":"2024-05-17T16:31:57","modified_gmt":"2024-05-17T20:31:57","slug":"ppo-home-school","status":"publish","type":"page","link":"https:\/\/laurentian.swlauriersb.qc.ca\/fr\/informations-pour-les-parents\/ppo-home-school\/","title":{"rendered":"PPO \/ Home &amp; School"},"content":{"rendered":"\n<h2 class=\"wp-block-heading\">F.O.L.E.S. (Amis de l\u2019\u00e9cole primaire Laurentienne)<\/h2>\n\n\n\n<p>FOLES est un organisme \u00e0 but non lucratif enregistr\u00e9 compos\u00e9 de parents dont les enfants fr\u00e9quentent LES.<\/p>\n\n\n\n<p><a href=\"https:\/\/www.facebook.com\/friendsofles\" target=\"_blank\" rel=\"noopener\">https:\/\/www.facebook.com\/friendsofles<\/a><\/p>\n","protected":false},"excerpt":{"rendered":"<p>F.O.L.E.S. (Amis de l\u2019\u00e9cole primaire Laurentienne) FOLES est un organisme \u00e0 but non lucratif enregistr\u00e9 compos\u00e9 de parents dont les enfants fr\u00e9quentent LES. https:\/\/www.facebook.com\/friendsofles<\/p>\n","protected":false},"author":1,"featured_media":0,"parent":222,"menu_order":0,"comment_status":"closed","ping_status":"closed","template":"","meta":{"_acf_changed":false,"_relevanssi_hide_post":"","_relevanssi_hide_content":"","_relevanssi_pin_for_all":"","_relevanssi_pin_keywords":"","_relevanssi_unpin_keywords":"","_relevanssi_related_keywords":"","_relevanssi_related_include_ids":"","_relevanssi_related_exclude_ids":"","_relevanssi_related_no_append":"","_relevanssi_related_not_related":"","_relevanssi_related_posts":"","_relevanssi_noindex_reason":"","footnotes":""},"acf":[],"_links":{"self":[{"href":"https:\/\/laurentian.swlauriersb.qc.ca\/fr\/wp-json\/wp\/v2\/pages\/219"}],"collection":[{"href":"https:\/\/laurentian.swlauriersb.qc.ca\/fr\/wp-json\/wp\/v2\/pages"}],"about":[{"href":"https:\/\/laurentian.swlauriersb.qc.ca\/fr\/wp-json\/wp\/v2\/types\/page"}],"author":[{"embeddable":true,"href":"https:\/\/laurentian.swlauriersb.qc.ca\/fr\/wp-json\/wp\/v2\/users\/1"}],"replies":[{"embeddable":true,"href":"https:\/\/laurentian.swlauriersb.qc.ca\/fr\/wp-json\/wp\/v2\/comments?post=219"}],"version-history":[{"count":2,"href":"https:\/\/laurentian.swlauriersb.qc.ca\/fr\/wp-json\/wp\/v2\/pages\/219\/revisions"}],"predecessor-version":[{"id":470,"href":"https:\/\/laurentian.swlauriersb.qc.ca\/fr\/wp-json\/wp\/v2\/pages\/219\/revisions\/470"}],"up":[{"embeddable":true,"href":"https:\/\/laurentian.swlauriersb.qc.ca\/fr\/wp-json\/wp\/v2\/pages\/222"}],"wp:attachment":[{"href":"https:\/\/laurentian.swlauriersb.qc.ca\/fr\/wp-json\/wp\/v2\/media?parent=219"}],"curies":[{"name":"wp","href":"https:\/\/api.w.org\/{rel}","templated":true}]}}