{"id":226,"date":"2024-05-08T14:20:59","date_gmt":"2024-05-08T18:20:59","guid":{"rendered":"https:\/\/laurentian.swlauriersb.qc.ca\/our-school-about-us\/"},"modified":"2024-05-30T09:22:25","modified_gmt":"2024-05-30T13:22:25","slug":"notre-ecole-a-propos","status":"publish","type":"page","link":"https:\/\/laurentian.swlauriersb.qc.ca\/fr\/notre-ecole-a-propos\/","title":{"rendered":"Notre \u00e9cole \/ \u00e0 propos"},"content":{"rendered":"\n<h2 class=\"wp-block-heading\">\u00c9cole primaire Laurentian<\/h2>\n\n\n\n<p>L\u2019\u00e9cole primaire Laurentian est une \u00e9cole rurale situ\u00e9e \u00e0 Lachute, au Qu\u00e9bec. &nbsp;Le territoire de l\u2019\u00e9cole primaire Laurentian accueille des \u00e9l\u00e8ves de Lac-des-Seize-Iles, de Mirabel, de Saint-Andr\u00e9-d\u2019Argenteuil, de Harrington.&nbsp;&nbsp; L\u2019\u00e9cole accueille des \u00e9l\u00e8ves de la maternelle 4 ans \u00e0 la 6e ann\u00e9e.&nbsp;<\/p>\n\n\n\n<p>Le personnel attentionn\u00e9 de l\u2019\u00e9cole primaire Laurentian se surpasse pour soutenir les \u00e9l\u00e8ves de l\u2019\u00e9cole tant sur le plan scolaire affectif en offrant \u00e0 chaque \u00e9l\u00e8ve un petit-d\u00e9jeuner sain, offert par les Clubs des petits d\u00e9jeuners du Canada, l\u2019organisation d\u2019une grande vari\u00e9t\u00e9 d\u2019activit\u00e9s parascolaires et de possibilit\u00e9s stimulantes en classe.&nbsp; Le personnel s\u2019engage \u00e0 mettre en \u0153uvre et \u00e0 fournir des programmes de qualit\u00e9 qui am\u00e9liorent les comp\u00e9tences en \u00e9criture, en lecture et en math\u00e9matiques des \u00e9l\u00e8ves et leurs aptitudes de pens\u00e9e critique pour permettre \u00e0 chaque \u00e9l\u00e8ve de r\u00e9ussir.<\/p>\n","protected":false},"excerpt":{"rendered":"<p>\u00c9cole primaire Laurentian L\u2019\u00e9cole primaire Laurentian est une \u00e9cole rurale situ\u00e9e \u00e0 Lachute, au Qu\u00e9bec. &nbsp;Le territoire de l\u2019\u00e9cole primaire Laurentian accueille des \u00e9l\u00e8ves de Lac-des-Seize-Iles, de Mirabel, de Saint-Andr\u00e9-d\u2019Argenteuil, de Harrington.&nbsp;&nbsp; L\u2019\u00e9cole accueille des \u00e9l\u00e8ves de la maternelle 4 ans \u00e0 la 6e ann\u00e9e.&nbsp; Le personnel attentionn\u00e9 de l\u2019\u00e9cole primaire Laurentian se surpasse pour&hellip;<\/p>\n","protected":false},"author":1,"featured_media":0,"parent":0,"menu_order":0,"comment_status":"closed","ping_status":"closed","template":"","meta":{"_acf_changed":false,"_relevanssi_hide_post":"","_relevanssi_hide_content":"","_relevanssi_pin_for_all":"","_relevanssi_pin_keywords":"","_relevanssi_unpin_keywords":"","_relevanssi_related_keywords":"","_relevanssi_related_include_ids":"","_relevanssi_related_exclude_ids":"","_relevanssi_related_no_append":"","_relevanssi_related_not_related":"","_relevanssi_related_posts":"","_relevanssi_noindex_reason":"","footnotes":""},"acf":[],"_links":{"self":[{"href":"https:\/\/laurentian.swlauriersb.qc.ca\/fr\/wp-json\/wp\/v2\/pages\/226"}],"collection":[{"href":"https:\/\/laurentian.swlauriersb.qc.ca\/fr\/wp-json\/wp\/v2\/pages"}],"about":[{"href":"https:\/\/laurentian.swlauriersb.qc.ca\/fr\/wp-json\/wp\/v2\/types\/page"}],"author":[{"embeddable":true,"href":"https:\/\/laurentian.swlauriersb.qc.ca\/fr\/wp-json\/wp\/v2\/users\/1"}],"replies":[{"embeddable":true,"href":"https:\/\/laurentian.swlauriersb.qc.ca\/fr\/wp-json\/wp\/v2\/comments?post=226"}],"version-history":[{"count":2,"href":"https:\/\/laurentian.swlauriersb.qc.ca\/fr\/wp-json\/wp\/v2\/pages\/226\/revisions"}],"predecessor-version":[{"id":460,"href":"https:\/\/laurentian.swlauriersb.qc.ca\/fr\/wp-json\/wp\/v2\/pages\/226\/revisions\/460"}],"wp:attachment":[{"href":"https:\/\/laurentian.swlauriersb.qc.ca\/fr\/wp-json\/wp\/v2\/media?parent=226"}],"curies":[{"name":"wp","href":"https:\/\/api.w.org\/{rel}","templated":true}]}}